{"id":55,"date":"2023-10-31T16:43:18","date_gmt":"2023-10-31T20:43:18","guid":{"rendered":"https:\/\/sevipar.com\/py\/?page_id=55"},"modified":"2023-11-13T21:26:50","modified_gmt":"2023-11-14T01:26:50","slug":"centro-educativo-ma-auxiliadora","status":"publish","type":"page","link":"https:\/\/sevipar.com\/py\/centro-educativo-ma-auxiliadora\/","title":{"rendered":"Centro Educativo Ma. Auxiliadora"},"content":{"rendered":"<p>[et_pb_section fb_built=\u00bb1&#8243; _builder_version=\u00bb4.22.2&#8243; _module_preset=\u00bbdefault\u00bb background_color=\u00bb#89191E\u00bb locked=\u00bboff\u00bb global_colors_info=\u00bb{}\u00bb][et_pb_row column_structure=\u00bb2_3,1_3&#8243; _builder_version=\u00bb4.22.2&#8243; _module_preset=\u00bbdefault\u00bb global_colors_info=\u00bb{}\u00bb][et_pb_column type=\u00bb2_3&#8243; _builder_version=\u00bb4.22.2&#8243; _module_preset=\u00bbdefault\u00bb global_colors_info=\u00bb{}\u00bb][et_pb_text _builder_version=\u00bb4.22.2&#8243; _module_preset=\u00bbdefault\u00bb text_font=\u00bbMontserrat|700|||||||\u00bb header_font=\u00bbMontserrat|700|||||||\u00bb header_text_align=\u00bbleft\u00bb header_text_color=\u00bb#FFFFFF\u00bb text_orientation=\u00bbcenter\u00bb global_colors_info=\u00bb{}\u00bb]<\/p>\n<h1>Centro Educativo Ma. Auxiliadora<\/h1>\n<p>[\/et_pb_text][\/et_pb_column][et_pb_column type=\u00bb1_3&#8243; _builder_version=\u00bb4.22.2&#8243; _module_preset=\u00bbdefault\u00bb global_colors_info=\u00bb{}\u00bb][et_pb_button button_url=\u00bb@ET-DC@eyJkeW5hbWljIjp0cnVlLCJjb250ZW50IjoicG9zdF9saW5rX3VybF9wYWdlIiwic2V0dGluZ3MiOnsicG9zdF9pZCI6Ijk1In19@\u00bb button_text=\u00bbRSE\u00bb button_alignment=\u00bbright\u00bb button_alignment_tablet=\u00bbleft\u00bb button_alignment_phone=\u00bbleft\u00bb button_alignment_last_edited=\u00bbon|tablet\u00bb _builder_version=\u00bb4.22.2&#8243; _dynamic_attributes=\u00bbbutton_url\u00bb _module_preset=\u00bbdefault\u00bb custom_button=\u00bbon\u00bb button_text_color=\u00bb#FFFFFF\u00bb button_bg_color=\u00bb#89191E\u00bb button_border_width=\u00bb2px\u00bb button_border_color=\u00bb#FFFFFF\u00bb button_border_radius=\u00bb0px\u00bb button_icon=\u00bb&#x62;||divi||400&#8243; button_on_hover=\u00bboff\u00bb background_layout=\u00bbdark\u00bb global_colors_info=\u00bb{}\u00bb button_bg_color__hover_enabled=\u00bbon|hover\u00bb button_border_width__hover_enabled=\u00bbon|hover\u00bb button_border_width__hover=\u00bb2px\u00bb button_bg_color__hover=\u00bb#999999&#8243; button_bg_enable_color__hover=\u00bbon\u00bb][\/et_pb_button][\/et_pb_column][\/et_pb_row][\/et_pb_section][et_pb_section fb_built=\u00bb1&#8243; _builder_version=\u00bb4.22.2&#8243; _module_preset=\u00bbdefault\u00bb custom_padding=\u00bb||0px|||\u00bb locked=\u00bboff\u00bb global_colors_info=\u00bb{}\u00bb][et_pb_row column_structure=\u00bb1_2,1_2&#8243; _builder_version=\u00bb4.23&#8243; _module_preset=\u00bbdefault\u00bb global_colors_info=\u00bb{}\u00bb][et_pb_column type=\u00bb1_2&#8243; _builder_version=\u00bb4.23&#8243; _module_preset=\u00bbdefault\u00bb animation_style=\u00bbfade\u00bb global_colors_info=\u00bb{}\u00bb][et_pb_text _builder_version=\u00bb4.22.2&#8243; _module_preset=\u00bbdefault\u00bb header_3_font=\u00bb||||on|||#89191E|\u00bb header_3_text_color=\u00bb#89191E\u00bb custom_margin=\u00bb||16px|||\u00bb global_colors_info=\u00bb{}\u00bb]<\/p>\n<h3>Casa Central, Asunci\u00f3n<\/h3>\n<p>[\/et_pb_text][et_pb_text _builder_version=\u00bb4.22.2&#8243; _module_preset=\u00bbdefault\u00bb global_colors_info=\u00bb{}\u00bb]<\/p>\n<p style=\"text-align: justify;\"><strong>Carta de compromiso entre el Ministerio de Educaci\u00f3n y Cultura y la empresa del Grupo Sevipar SAECA para la implementaci\u00f3n del proyecto Educarse, en el marco del programa de Responsabilidad social en la Educaci\u00f3n<\/strong><\/p>\n<p style=\"text-align: justify;\">En la ciudad de Asunci\u00f3n, capital de la Republica del Paraguay, a los 26 d\u00edas del mes de agosto de 2015, por una parte el Ministerio de Educaci\u00f3n y Cultura; representado por Do\u00f1a Maria In\u00e9s Flecha Villalba, en su car\u00e1cter de Directora General de Educaci\u00f3n Permanente; y por la otra, la Empresa del Grupo SEVIPAR SAECA, representada por la Sra. Julia Jacobo de Vargas, en su car\u00e1cter de Directora Titular del Grupo SEVIPAR; en adelante denominadas las partes.<\/p>\n<p>[\/et_pb_text][\/et_pb_column][et_pb_column type=\u00bb1_2&#8243; _builder_version=\u00bb4.22.2&#8243; _module_preset=\u00bbdefault\u00bb global_colors_info=\u00bb{}\u00bb][et_pb_image src=\u00bbhttps:\/\/sevipar.com\/py\/wp-content\/uploads\/2023\/11\/Grupo-Sevipar-Maria-Auxiliadora.jpg\u00bb title_text=\u00bbGrupo-Sevipar-Maria-Auxiliadora\u00bb _builder_version=\u00bb4.23&#8243; _module_preset=\u00bbdefault\u00bb animation_style=\u00bbfold\u00bb global_colors_info=\u00bb{}\u00bb][\/et_pb_image][\/et_pb_column][\/et_pb_row][\/et_pb_section][et_pb_section fb_built=\u00bb1&#8243; _builder_version=\u00bb4.22.2&#8243; _module_preset=\u00bbdefault\u00bb custom_padding=\u00bb0px||0px|||\u00bb border_width_bottom=\u00bb5px\u00bb border_color_bottom=\u00bb#89191E\u00bb locked=\u00bboff\u00bb global_colors_info=\u00bb{}\u00bb][et_pb_row column_structure=\u00bb1_2,1_2&#8243; _builder_version=\u00bb4.23&#8243; _module_preset=\u00bbdefault\u00bb animation_style=\u00bbfade\u00bb global_colors_info=\u00bb{}\u00bb][et_pb_column type=\u00bb1_2&#8243; _builder_version=\u00bb4.22.2&#8243; _module_preset=\u00bbdefault\u00bb global_colors_info=\u00bb{}\u00bb][et_pb_text _builder_version=\u00bb4.22.2&#8243; _module_preset=\u00bbdefault\u00bb header_3_font=\u00bb||||on|||#89191E|\u00bb header_3_text_color=\u00bb#89191E\u00bb custom_margin=\u00bb||16px|||\u00bb global_colors_info=\u00bb{}\u00bb]<\/p>\n<h3>Identificaci\u00f3n<\/h3>\n<p>[\/et_pb_text][et_pb_text _builder_version=\u00bb4.22.2&#8243; _module_preset=\u00bbdefault\u00bb text_font=\u00bb|600|||on|||#89191E|\u00bb text_text_color=\u00bb#89191E\u00bb custom_margin=\u00bb0px||10px||false|false\u00bb global_colors_info=\u00bb{}\u00bb]<\/p>\n<p><strong>N\u00famero y fecha de resoluci\u00f3n de habilitaci\u00f3n<\/strong><\/p>\n<p>[\/et_pb_text][et_pb_text _builder_version=\u00bb4.22.2&#8243; _module_preset=\u00bbdefault\u00bb custom_margin=\u00bb0px||10px||false|false\u00bb global_colors_info=\u00bb{}\u00bb]<\/p>\n<p>Resoluci\u00f3n N\u00famero 95\/2015, 18\/05\/16<\/p>\n<p>[\/et_pb_text][et_pb_text _builder_version=\u00bb4.22.2&#8243; _module_preset=\u00bbdefault\u00bb text_font=\u00bb|600|||on|||#89191E|\u00bb text_text_color=\u00bb#89191E\u00bb custom_margin=\u00bb0px||10px||false|false\u00bb global_colors_info=\u00bb{}\u00bb]<\/p>\n<p><b>Nombre<\/b><\/p>\n<p>[\/et_pb_text][et_pb_text _builder_version=\u00bb4.22.2&#8243; _module_preset=\u00bbdefault\u00bb custom_margin=\u00bb0px||10px||false|false\u00bb global_colors_info=\u00bb{}\u00bb]<\/p>\n<p><span>Centro Educativo para Personas J\u00f3venes y Adultas Mar\u00eda Auxiliadora<\/span><\/p>\n<p>[\/et_pb_text][\/et_pb_column][et_pb_column type=\u00bb1_2&#8243; _builder_version=\u00bb4.22.2&#8243; _module_preset=\u00bbdefault\u00bb global_colors_info=\u00bb{}\u00bb][et_pb_text _builder_version=\u00bb4.22.2&#8243; _module_preset=\u00bbdefault\u00bb header_3_font=\u00bb||||on|||#89191E|\u00bb header_3_text_color=\u00bb#89191E\u00bb custom_margin=\u00bb||16px|||\u00bb global_colors_info=\u00bb{}\u00bb]<\/p>\n<h3>Personal Directivo<\/h3>\n<p>[\/et_pb_text][et_pb_text _builder_version=\u00bb4.22.2&#8243; _module_preset=\u00bbdefault\u00bb text_font=\u00bb|600|||on|||#89191E|\u00bb text_text_color=\u00bb#89191E\u00bb custom_margin=\u00bb0px||10px||false|false\u00bb global_colors_info=\u00bb{}\u00bb]<\/p>\n<p><b>Coordinadora pedag\u00f3gica<\/b><\/p>\n<p>[\/et_pb_text][et_pb_text _builder_version=\u00bb4.22.2&#8243; _module_preset=\u00bbdefault\u00bb custom_margin=\u00bb0px||10px||false|false\u00bb global_colors_info=\u00bb{}\u00bb]<\/p>\n<p><span>Prof. Lic. Mary Olmedo<\/span><\/p>\n<p>[\/et_pb_text][et_pb_text _builder_version=\u00bb4.22.2&#8243; _module_preset=\u00bbdefault\u00bb text_font=\u00bb|600|||on|||#89191E|\u00bb text_text_color=\u00bb#89191E\u00bb custom_margin=\u00bb0px||10px||false|false\u00bb global_colors_info=\u00bb{}\u00bb]<\/p>\n<p><b>Coordinadora administrativa<\/b><\/p>\n<p>[\/et_pb_text][et_pb_text _builder_version=\u00bb4.22.2&#8243; _module_preset=\u00bbdefault\u00bb custom_margin=\u00bb0px||10px||false|false\u00bb global_colors_info=\u00bb{}\u00bb]<\/p>\n<p><span>Lic. Julia Jacobo de Vargas<\/span><\/p>\n<p>[\/et_pb_text][\/et_pb_column][\/et_pb_row][et_pb_row column_structure=\u00bb1_2,1_2&#8243; _builder_version=\u00bb4.23&#8243; _module_preset=\u00bbdefault\u00bb animation_style=\u00bbfade\u00bb border_width_top=\u00bb5px\u00bb border_color_top=\u00bb#89191E\u00bb border_width_bottom=\u00bb5px\u00bb border_color_bottom=\u00bb#89191E\u00bb global_colors_info=\u00bb{}\u00bb][et_pb_column type=\u00bb1_2&#8243; _builder_version=\u00bb4.22.2&#8243; _module_preset=\u00bbdefault\u00bb global_colors_info=\u00bb{}\u00bb][et_pb_text _builder_version=\u00bb4.22.2&#8243; _module_preset=\u00bbdefault\u00bb text_font=\u00bb|600|||on|||#89191E|\u00bb text_text_color=\u00bb#89191E\u00bb custom_margin=\u00bb0px||10px||false|false\u00bb global_colors_info=\u00bb{}\u00bb]<\/p>\n<p><b>Departamento capital Distrito<\/b><\/p>\n<p>[\/et_pb_text][et_pb_text _builder_version=\u00bb4.22.2&#8243; _module_preset=\u00bbdefault\u00bb custom_margin=\u00bb0px||10px||false|false\u00bb global_colors_info=\u00bb{}\u00bb]<\/p>\n<p><span>Asunci\u00f3n<\/span><\/p>\n<p>[\/et_pb_text][et_pb_text _builder_version=\u00bb4.22.2&#8243; _module_preset=\u00bbdefault\u00bb text_font=\u00bb|600|||on|||#89191E|\u00bb text_text_color=\u00bb#89191E\u00bb custom_margin=\u00bb0px||10px||false|false\u00bb global_colors_info=\u00bb{}\u00bb]<\/p>\n<p><b>Local donde funciona el Centro Educativo:<\/b><\/p>\n<p>[\/et_pb_text][et_pb_text _builder_version=\u00bb4.22.2&#8243; _module_preset=\u00bbdefault\u00bb custom_margin=\u00bb0px||10px||false|false\u00bb global_colors_info=\u00bb{}\u00bb]<\/p>\n<p><span>Grupo Sevipar<\/span><\/p>\n<p>[\/et_pb_text][et_pb_text _builder_version=\u00bb4.22.2&#8243; _module_preset=\u00bbdefault\u00bb text_font=\u00bb|600|||on|||#89191E|\u00bb text_text_color=\u00bb#89191E\u00bb custom_margin=\u00bb0px||10px||false|false\u00bb global_colors_info=\u00bb{}\u00bb]<\/p>\n<p><b>Correo Electr\u00f3nico<\/b><\/p>\n<p>[\/et_pb_text][et_pb_text _builder_version=\u00bb4.22.2&#8243; _module_preset=\u00bbdefault\u00bb custom_margin=\u00bb0px||10px||false|false\u00bb global_colors_info=\u00bb{}\u00bb]<\/p>\n<p><span>centroeducativo@sevipar.com<\/span><\/p>\n<p>[\/et_pb_text][et_pb_text _builder_version=\u00bb4.22.2&#8243; _module_preset=\u00bbdefault\u00bb text_font=\u00bb|600|||on|||#89191E|\u00bb text_text_color=\u00bb#89191E\u00bb custom_margin=\u00bb0px||10px||false|false\u00bb global_colors_info=\u00bb{}\u00bb]<\/p>\n<p><b>Horario de clases<\/b><\/p>\n<p>[\/et_pb_text][et_pb_text _builder_version=\u00bb4.22.2&#8243; _module_preset=\u00bbdefault\u00bb custom_margin=\u00bb0px||10px||false|false\u00bb global_colors_info=\u00bb{}\u00bb]<\/p>\n<p><span>Lunes y Mi\u00e9rcoles de 18:00 a 21:00 hs.<\/span><\/p>\n<p>[\/et_pb_text][et_pb_text _builder_version=\u00bb4.22.2&#8243; _module_preset=\u00bbdefault\u00bb text_font=\u00bb|600|||on|||#89191E|\u00bb text_text_color=\u00bb#89191E\u00bb custom_margin=\u00bb0px||10px||false|false\u00bb global_colors_info=\u00bb{}\u00bb]<\/p>\n<p><b>Supervision y control administrativo<\/b><\/p>\n<p>[\/et_pb_text][et_pb_text _builder_version=\u00bb4.22.2&#8243; _module_preset=\u00bbdefault\u00bb custom_margin=\u00bb0px||10px||false|false\u00bb global_colors_info=\u00bb{}\u00bb]<\/p>\n<p><span>Regi\u00f3n 3 Distrito La Recoleta<\/span><\/p>\n<p>[\/et_pb_text][\/et_pb_column][et_pb_column type=\u00bb1_2&#8243; _builder_version=\u00bb4.22.2&#8243; _module_preset=\u00bbdefault\u00bb global_colors_info=\u00bb{}\u00bb][et_pb_text _builder_version=\u00bb4.22.2&#8243; _module_preset=\u00bbdefault\u00bb text_font=\u00bb|600|||on|||#89191E|\u00bb text_text_color=\u00bb#89191E\u00bb custom_margin=\u00bb0px||10px||false|false\u00bb global_colors_info=\u00bb{}\u00bb]<\/p>\n<p><b>Direcci\u00f3n<\/b><\/p>\n<p>[\/et_pb_text][et_pb_text _builder_version=\u00bb4.22.2&#8243; _module_preset=\u00bbdefault\u00bb custom_margin=\u00bb0px||10px||false|false\u00bb global_colors_info=\u00bb{}\u00bb]<\/p>\n<p><span>Tte. Cnel. Timoteo Aguirre 1237 casi Facundo Machain<\/span><\/p>\n<p>[\/et_pb_text][et_pb_text _builder_version=\u00bb4.22.2&#8243; _module_preset=\u00bbdefault\u00bb text_font=\u00bb|600|||on|||#89191E|\u00bb text_text_color=\u00bb#89191E\u00bb custom_margin=\u00bb0px||10px||false|false\u00bb global_colors_info=\u00bb{}\u00bb]<\/p>\n<p><b>Tel\u00e9fono<\/b><\/p>\n<p>[\/et_pb_text][et_pb_text _builder_version=\u00bb4.22.2&#8243; _module_preset=\u00bbdefault\u00bb custom_margin=\u00bb0px||10px||false|false\u00bb global_colors_info=\u00bb{}\u00bb]<\/p>\n<p><span>021 502 292<\/span><\/p>\n<p>[\/et_pb_text][et_pb_text _builder_version=\u00bb4.22.2&#8243; _module_preset=\u00bbdefault\u00bb text_font=\u00bb|600|||on|||#89191E|\u00bb text_text_color=\u00bb#89191E\u00bb custom_margin=\u00bb0px||10px||false|false\u00bb global_colors_info=\u00bb{}\u00bb]<\/p>\n<p><b>Modalidad<\/b><\/p>\n<p>[\/et_pb_text][et_pb_text _builder_version=\u00bb4.22.2&#8243; _module_preset=\u00bbdefault\u00bb custom_margin=\u00bb0px||10px||false|false\u00bb global_colors_info=\u00bb{}\u00bb]<\/p>\n<p><span>Semi presencial y Modular<\/span><\/p>\n<p>[\/et_pb_text][et_pb_text _builder_version=\u00bb4.22.2&#8243; _module_preset=\u00bbdefault\u00bb text_font=\u00bb|600|||on|||#89191E|\u00bb text_text_color=\u00bb#89191E\u00bb custom_margin=\u00bb0px||10px||false|false\u00bb global_colors_info=\u00bb{}\u00bb]<\/p>\n<p><b>Supervision de apoyo t\u00e9cnico pedag\u00f3gico<\/b><\/p>\n<p>[\/et_pb_text][et_pb_text _builder_version=\u00bb4.22.2&#8243; _module_preset=\u00bbdefault\u00bb custom_margin=\u00bb0px||10px||false|false\u00bb global_colors_info=\u00bb{}\u00bb]<\/p>\n<p><span>Zona D Distrito La Recoleta<\/span><\/p>\n<p>[\/et_pb_text][\/et_pb_column][\/et_pb_row][et_pb_row _builder_version=\u00bb4.23&#8243; _module_preset=\u00bbdefault\u00bb animation_style=\u00bbfade\u00bb global_colors_info=\u00bb{}\u00bb][et_pb_column type=\u00bb4_4&#8243; _builder_version=\u00bb4.22.2&#8243; _module_preset=\u00bbdefault\u00bb global_colors_info=\u00bb{}\u00bb][et_pb_text _builder_version=\u00bb4.22.2&#8243; _module_preset=\u00bbdefault\u00bb header_3_font=\u00bb||||on|||#89191E|\u00bb header_3_text_color=\u00bb#89191E\u00bb custom_margin=\u00bb||16px|||\u00bb global_colors_info=\u00bb{}\u00bb]<\/p>\n<h3>Ubicaci\u00f3n<\/h3>\n<p>[\/et_pb_text][et_pb_code _builder_version=\u00bb4.23.1&#8243; _module_preset=\u00bbdefault\u00bb hover_enabled=\u00bb0&#8243; global_colors_info=\u00bb{}\u00bb border_width_all=\u00bb5px\u00bb border_color_all=\u00bb#89191E\u00bb sticky_enabled=\u00bb0&#8243;]<iframe src=\"https:\/\/www.google.com\/maps\/embed?pb=!1m18!1m12!1m3!1d1275.1521458666869!2d-57.55888868816223!3d-25.315123913367998!2m3!1f0!2f0!3f0!3m2!1i1024!2i768!4f13.1!3m3!1m2!1s0x945da8d3c59c4bb9%3A0x65e1347aed1f0c94!2sGrupo%20Sevipar!5e0!3m2!1ses!2spy!4v1697747159141!5m2!1ses!2spy\" width=\"100%\" height=\"450\" style=\"border:0;\" allowfullscreen=\"\" loading=\"lazy\" referrerpolicy=\"no-referrer-when-downgrade\"><\/iframe>[\/et_pb_code][\/et_pb_column][\/et_pb_row][et_pb_row column_structure=\u00bb1_2,1_2&#8243; _builder_version=\u00bb4.22.2&#8243; _module_preset=\u00bbdefault\u00bb custom_padding=\u00bb||46px|||\u00bb global_colors_info=\u00bb{}\u00bb][et_pb_column type=\u00bb1_2&#8243; _builder_version=\u00bb4.22.2&#8243; _module_preset=\u00bbdefault\u00bb global_colors_info=\u00bb{}\u00bb][et_pb_text _builder_version=\u00bb4.22.2&#8243; _module_preset=\u00bbdefault\u00bb header_3_font=\u00bb||||on|||#89191E|\u00bb header_3_text_color=\u00bb#89191E\u00bb custom_margin=\u00bb||16px|||\u00bb global_colors_info=\u00bb{}\u00bb]<\/p>\n<h3>Sucursal 1, Ciudad del Este<\/h3>\n<p>[\/et_pb_text][et_pb_text _builder_version=\u00bb4.22.2&#8243; _module_preset=\u00bbdefault\u00bb global_colors_info=\u00bb{}\u00bb]<\/p>\n<p><strong>Carta de compromiso entre el Ministerio de Educaci\u00f3n y Cultura y la empresa del Grupo Sevipar SAECA para la implementaci\u00f3n del proyecto Educarse, en el marco del programa de Responsabilidad social en la Educaci\u00f3n<\/strong><\/p>\n<p><span><\/span>En Ciudad del Este, Departamento de Alto Paran\u00e1, a los 9 d\u00edas del mes de junio de 2016, por una parte el Ministerio de Educaci\u00f3n y Cultura; representado por Do\u00f1a<span>\u00a0<\/span><b>Maria In\u00e9s Flecha Villalba<\/b>, en su car\u00e1cter de Directora General de Educaci\u00f3n Permanente; y por la otra, la Empresa del Grupo SEVIPAR SAECA, representada por la Sra. Q.F.<span>\u00a0<\/span><b>Lourdes Jacobo de Lugo<\/b>, en su car\u00e1cter de Directora Titular del Grupo SEVIPAR; en adelante denominada las partes.<\/p>\n<p>[\/et_pb_text][\/et_pb_column][et_pb_column type=\u00bb1_2&#8243; _builder_version=\u00bb4.22.2&#8243; _module_preset=\u00bbdefault\u00bb global_colors_info=\u00bb{}\u00bb][et_pb_code _builder_version=\u00bb4.23.1&#8243; _module_preset=\u00bbdefault\u00bb hover_enabled=\u00bb0&#8243; global_colors_info=\u00bb{}\u00bb border_width_all=\u00bb5px\u00bb border_color_all=\u00bb#89191E\u00bb sticky_enabled=\u00bb0&#8243;]<iframe src=\"https:\/\/www.google.com\/maps\/embed?pb=!1m18!1m12!1m3!1d3601.6797305051373!2d-54.6818550248667!3d-25.482367634965303!2m3!1f0!2f0!3f0!3m2!1i1024!2i768!4f13.1!3m3!1m2!1s0x94f6857467a04c03%3A0x6731acc9f09d5d44!2sCentro%20Educativo%20Maria%20Auxiliadora!5e0!3m2!1ses!2spy!4v1697747255854!5m2!1ses!2spy\" width=\"100%\" height=\"350\" style=\"border:0;\" allowfullscreen=\"\" loading=\"lazy\" referrerpolicy=\"no-referrer-when-downgrade\"><\/iframe>[\/et_pb_code][\/et_pb_column][\/et_pb_row][\/et_pb_section][et_pb_section fb_built=\u00bb1&#8243; _builder_version=\u00bb4.22.2&#8243; _module_preset=\u00bbdefault\u00bb custom_padding=\u00bb0px|||||\u00bb border_width_bottom=\u00bb5px\u00bb border_color_bottom=\u00bb#89191E\u00bb locked=\u00bboff\u00bb global_colors_info=\u00bb{}\u00bb][et_pb_row column_structure=\u00bb1_2,1_2&#8243; _builder_version=\u00bb4.23&#8243; _module_preset=\u00bbdefault\u00bb animation_style=\u00bbfade\u00bb global_colors_info=\u00bb{}\u00bb][et_pb_column type=\u00bb1_2&#8243; _builder_version=\u00bb4.22.2&#8243; _module_preset=\u00bbdefault\u00bb global_colors_info=\u00bb{}\u00bb][et_pb_text _builder_version=\u00bb4.22.2&#8243; _module_preset=\u00bbdefault\u00bb header_3_font=\u00bb||||on|||#89191E|\u00bb header_3_text_color=\u00bb#89191E\u00bb custom_margin=\u00bb||16px|||\u00bb global_colors_info=\u00bb{}\u00bb]<\/p>\n<h3>Alianza con el MEC<\/h3>\n<p>[\/et_pb_text][et_pb_text _builder_version=\u00bb4.22.2&#8243; _module_preset=\u00bbdefault\u00bb global_colors_info=\u00bb{}\u00bb]<\/p>\n<p style=\"text-align: justify;\"><span>(Ministerio de Educaci\u00f3n y Cultura), a trav\u00e9s de la Resoluci\u00f3n Ministerial N.95\/2015, por la cual, la Directora General de Educaci\u00f3n Permanente resuelve:\u00a0<\/span><i>Autorizar la apertura de un <\/i>C\u00edrculo de de Educaci\u00f3n B\u00e1sica para Personas J\u00f3venes y Adultas para la implementaci\u00f3n de los planes y programas de estudios de la Culminaci\u00f3n de la Educaci\u00f3n B\u00e1sica Biling\u00fce para personas j\u00f3venes y adultas en el local de la Empresa Grupo SEVIPAR SAECA, con domicilio en la calle Tte. Timoteo Aguirre 1237, de la ciudad de Asunci\u00f3n.<span><\/span><\/p>\n<p style=\"text-align: justify;\">En ese contexto, se ha firmado una carta compromiso entre el MEC y el grupo SEVIPAR, para la implementaci\u00f3n del proyecto EDUCARSE, en el marco del programa de Responsabilidad Social en Educaci\u00f3n, cre\u00e1ndose as\u00ed el C\u00edrculo de Aprendizaje SEVIPAR, donde los guardias, familiares y miembros de la comunidad, pueden cursar el 7mo., 8vo, y 9vno. Grado, es decir concluir la Educaci\u00f3n Escolar B\u00e1sica.<\/p>\n<p>[\/et_pb_text][\/et_pb_column][et_pb_column type=\u00bb1_2&#8243; _builder_version=\u00bb4.22.2&#8243; _module_preset=\u00bbdefault\u00bb global_colors_info=\u00bb{}\u00bb][et_pb_text _builder_version=\u00bb4.22.2&#8243; _module_preset=\u00bbdefault\u00bb global_colors_info=\u00bb{}\u00bb]<\/p>\n<p>En el a\u00f1o 2015, el MEC ha certificado a 20 alumnos guardias, esposas de los guardias, familiares de los mismos, y miembros de la comunidad, culminando en familia la etapa Escolar B\u00e1sica.<\/p>\n<p>Actualmente, en el a\u00f1o 2016, estamos en los tr\u00e1mites pertinentes de implementaci\u00f3n de la Educaci\u00f3n Media Para Personas J\u00f3venes y Adultas, cre\u00e1ndose as\u00ed el Centro Educativo Maria Auxiliadora, funcionando juntamente con la Educaci\u00f3n Escolar B\u00e1sica, contando con una importante cantidad de alumnos que son Guardias, Familiares y miembros de la Comunidad.<\/p>\n<p>Contamos con excelentes profesores y profesoras del MEC.<\/p>\n<p>[\/et_pb_text][\/et_pb_column][\/et_pb_row][\/et_pb_section]<\/p>\n","protected":false},"excerpt":{"rendered":"<p>Centro Educativo Ma. AuxiliadoraCasa Central, Asunci\u00f3nCarta de compromiso entre el Ministerio de Educaci\u00f3n y Cultura y la empresa del Grupo Sevipar SAECA para la implementaci\u00f3n del proyecto Educarse, en el marco del programa de Responsabilidad social en la Educaci\u00f3n En la ciudad de Asunci\u00f3n, capital de la Republica del Paraguay, a los 26 d\u00edas del [&hellip;]<\/p>\n","protected":false},"author":1,"featured_media":0,"parent":0,"menu_order":0,"comment_status":"closed","ping_status":"closed","template":"","meta":{"_et_pb_use_builder":"on","_et_pb_old_content":"","_et_gb_content_width":"","_joinchat":[],"footnotes":""},"class_list":["post-55","page","type-page","status-publish","hentry"],"_links":{"self":[{"href":"https:\/\/sevipar.com\/py\/wp-json\/wp\/v2\/pages\/55","targetHints":{"allow":["GET"]}}],"collection":[{"href":"https:\/\/sevipar.com\/py\/wp-json\/wp\/v2\/pages"}],"about":[{"href":"https:\/\/sevipar.com\/py\/wp-json\/wp\/v2\/types\/page"}],"author":[{"embeddable":true,"href":"https:\/\/sevipar.com\/py\/wp-json\/wp\/v2\/users\/1"}],"replies":[{"embeddable":true,"href":"https:\/\/sevipar.com\/py\/wp-json\/wp\/v2\/comments?post=55"}],"version-history":[{"count":4,"href":"https:\/\/sevipar.com\/py\/wp-json\/wp\/v2\/pages\/55\/revisions"}],"predecessor-version":[{"id":246,"href":"https:\/\/sevipar.com\/py\/wp-json\/wp\/v2\/pages\/55\/revisions\/246"}],"wp:attachment":[{"href":"https:\/\/sevipar.com\/py\/wp-json\/wp\/v2\/media?parent=55"}],"curies":[{"name":"wp","href":"https:\/\/api.w.org\/{rel}","templated":true}]}}